{"id":790,"date":"2016-07-12T19:33:54","date_gmt":"2016-07-12T19:33:54","guid":{"rendered":"http:\/\/www.orchestre-pl-saurel.fr\/?page_id=790"},"modified":"2022-11-05T09:40:09","modified_gmt":"2022-11-05T09:40:09","slug":"lessolistes","status":"publish","type":"page","link":"http:\/\/www.orchestre-pl-saurel.fr\/index.php\/lessolistes\/","title":{"rendered":"Les Solistes"},"content":{"rendered":"<div id=\"pl-790\"  class=\"panel-layout\" ><div id=\"pg-790-0\"  class=\"panel-grid panel-no-style\" ><div id=\"pgc-790-0-0\"  class=\"panel-grid-cell panel-grid-cell-empty\" ><\/div><\/div><div id=\"pg-790-1\"  class=\"panel-grid panel-no-style\" ><div id=\"pgc-790-1-0\"  class=\"panel-grid-cell\" ><div id=\"panel-790-1-0-0\" class=\"so-panel widget widget_black-studio-tinymce widget_black_studio_tinymce panel-first-child panel-last-child\" data-index=\"0\" ><div class=\"textwidget\"><p><a href=\"http:\/\/www.orchestre-pl-saurel.fr\/wp-content\/uploads\/2018\/01\/Gaelle.jpg\"><span class=\"\" style=\"display:block;clear:both;height: 0px;padding-top: 15px;border-top-width:0px;border-bottom-width:0px;\"><\/span><\/a><a href=\"http:\/\/www.orchestre-pl-saurel.fr\/wp-content\/uploads\/2018\/01\/Gaelle.jpg\"><img class=\"alignnone size-medium wp-image-86\" src=\"http:\/\/www.orchestre-pl-saurel.fr\/wp-content\/uploads\/2018\/01\/Gaelle.jpg\" alt=\"Isabelle van Ginneken\" width=\"100\" height=\"98\" title=\"Isabelle van Ginneken\" \/><\/a><\/p>\n<\/div><\/div><\/div><div id=\"pgc-790-1-1\"  class=\"panel-grid-cell\" ><div id=\"panel-790-1-1-0\" class=\"so-panel widget widget_black-studio-tinymce widget_black_studio_tinymce panel-first-child panel-last-child\" data-index=\"1\" ><div class=\"textwidget\"><p style=\"text-align: left;\"><strong><span class=\"orch-names\">Isabelle Van GINNEKEN: Violon<\/span><\/strong><br \/>\n<span class=\"orch-text\">Isabelle montra d\u00e8s l'\u00e2ge de cinq ans des dispositions exceptionnelles pour le violon, au point d'int\u00e9grer le C.N.S.M. de Paris dont elle ressortira en 1980 avec un premier prix, premi\u00e8re nomm\u00e9e en violon ainsi qu'un premier prix de musique de chambre. En 1983, elle finit demi-finaliste au concours international Fritz Kreistler. Elle int\u00e8gre l'Orchestre Philharmonique de Strasbourg en tant que Soliste rempla\u00e7ante des seconds violons en 1985, puis le pupitre des seconds violons de l'O.O.N.M. de Montpellier en 1991. Elle participe aux activit\u00e9s de nombreuses formations sur<br \/>\nMontpellier, dont l'O.C.P.L.S.<\/span><\/p>\n<\/div><\/div><\/div><\/div><div id=\"pg-790-2\"  class=\"panel-grid panel-no-style\" ><div id=\"pgc-790-2-0\"  class=\"panel-grid-cell\" ><div id=\"panel-790-2-0-0\" class=\"so-panel widget widget_black-studio-tinymce widget_black_studio_tinymce panel-first-child panel-last-child\" data-index=\"2\" ><div class=\"textwidget\"><p><a href=\"http:\/\/www.orchestre-pl-saurel.fr\/wp-content\/uploads\/2016\/01\/Annie-Besse-e1453381857271.jpg\"><span class=\"\" style=\"display:block;clear:both;height: 0px;padding-top: 10px;border-top-width:0px;border-bottom-width:0px;\"><\/span><img class=\"alignnone size-medium wp-image-78\" src=\"http:\/\/www.orchestre-pl-saurel.fr\/wp-content\/uploads\/2016\/01\/Annie-Besse-e1453381857271.jpg\" alt=\"Annie Besse\" width=\"100\" height=\"98\" title=\"Annie Besse\" \/><\/a><\/p>\n<\/div><\/div><\/div><div id=\"pgc-790-2-1\"  class=\"panel-grid-cell\" ><div id=\"panel-790-2-1-0\" class=\"so-panel widget widget_black-studio-tinymce widget_black_studio_tinymce panel-first-child panel-last-child\" data-index=\"3\" ><div class=\"textwidget\"><p style=\"text-align: left;\"><strong><span class=\"orch-names\">Annie BESSE: Soprano<\/span><\/strong><br \/>\n<span class=\"orch-text\">Ayant d\u00e9couvert totalement par hasard l\u2018organe vocal \u00e0 l\u2019\u00e2ge de 16 ans, Annie obtient un 1er Prix en classe Sup\u00e9rieure de l\u2019Ecole Nationale de Musique de Cr\u00e9teil 94 en 1983. En parall\u00e8le elle \u00e9tudie l\u2019alto (violon-alto), pour lequel elle aura un dipl\u00f4me de fin d\u2019\u00e9tude interd\u00e9partemental (1984). Depuis, malgr\u00e9 son statut de conseill\u00e8re en insertion professionnelle, sa passion la maintient au sein de l\u2019orchestre \u00e0 cordes Pierre-Laurent Saurel dans lequel s\u2019expriment ses 2 instruments.  Annie se produit souvent en soliste pour accompagner des chorales \u00e0 Montpellier et ses alentours.<\/span><\/p>\n<\/div><\/div><\/div><\/div><div id=\"pg-790-3\"  class=\"panel-grid panel-no-style\" ><div id=\"pgc-790-3-0\"  class=\"panel-grid-cell\" ><div id=\"panel-790-3-0-0\" class=\"so-panel widget widget_black-studio-tinymce widget_black_studio_tinymce panel-first-child panel-last-child\" data-index=\"4\" ><div class=\"textwidget\"><p><a href=\"http:\/\/www.orchestre-pl-saurel.fr\/wp-content\/uploads\/2018\/01\/Gaelle.jpg\"><span class=\"\" style=\"display:block;clear:both;height: 0px;padding-top: 15px;border-top-width:0px;border-bottom-width:0px;\"><\/span><\/a><a href=\"http:\/\/www.orchestre-pl-saurel.fr\/wp-content\/uploads\/2018\/01\/Gaelle.jpg\"><img class=\"alignnone size-medium wp-image-86\" src=\"http:\/\/www.orchestre-pl-saurel.fr\/wp-content\/uploads\/2018\/01\/Gaelle.jpg\" alt=\"Ga\u00eblle Latr\u00e8che\" width=\"100\" height=\"98\" title=\"Ga\u00eblle Latr\u00e8che\" \/><\/a><\/p>\n<\/div><\/div><\/div><div id=\"pgc-790-3-1\"  class=\"panel-grid-cell\" ><div id=\"panel-790-3-1-0\" class=\"so-panel widget widget_black-studio-tinymce widget_black_studio_tinymce panel-first-child panel-last-child\" data-index=\"5\" ><div class=\"fancybox-pdf panel-widget-style panel-widget-style-for-790-3-1-0\" ><div class=\"textwidget\"><p style=\"text-align: left;\"><strong><span class=\"orch-names\">Ga\u00eblle Latr\u00e8che<\/span><\/strong><br \/>\n<span class=\"orch-text\">Violoniste et mandoliniste, Ga\u00eblle LATRECHE a int\u00e9gr\u00e9 le pupitre de premier violon de l'O.C.P.L.S. en 2018. <\/span><\/p>\n<\/div><\/div><\/div><\/div><\/div><div id=\"pg-790-4\"  class=\"panel-grid panel-no-style\" ><div id=\"pgc-790-4-0\"  class=\"panel-grid-cell\" ><div id=\"panel-790-4-0-0\" class=\"so-panel widget widget_black-studio-tinymce widget_black_studio_tinymce panel-first-child panel-last-child\" data-index=\"6\" ><div class=\"textwidget\"><p><a href=\"http:\/\/www.orchestre-pl-saurel.fr\/wp-content\/uploads\/2018\/01\/Gaelle.jpg\"><span class=\"\" style=\"display:block;clear:both;height: 0px;padding-top: 15px;border-top-width:0px;border-bottom-width:0px;\"><\/span><\/a><a href=\"http:\/\/www.orchestre-pl-saurel.fr\/wp-content\/uploads\/2018\/01\/Gaelle.jpg\"><img class=\"alignnone size-medium wp-image-86\" src=\"http:\/\/www.orchestre-pl-saurel.fr\/wp-content\/uploads\/2018\/01\/Gaelle.jpg\" alt=\"Florent Thomas\" width=\"100\" height=\"98\" title=\"Florent Thomas\" \/><\/a><\/p>\n<\/div><\/div><\/div><div id=\"pgc-790-4-1\"  class=\"panel-grid-cell\" ><div id=\"panel-790-4-1-0\" class=\"so-panel widget widget_black-studio-tinymce widget_black_studio_tinymce panel-first-child panel-last-child\" data-index=\"7\" ><div class=\"fancybox-pdf panel-widget-style panel-widget-style-for-790-4-1-0\" ><div class=\"textwidget\"><p style=\"text-align: left;\"><strong><span class=\"orch-names\">Florent Thomas<\/span><\/strong><br \/>\n<span class=\"orch-text\">Florent THOMAS commence l'apprentissage du violon puis de l'alto \u00e0 l'\u00e9cole de musique d\u00e9partementale agr\u00e9\u00e9e de Lure, sa ville natale en 1993. Il poursuit en autodidacte son apprentissage de l'instrument et aborde \u00e9galement seul l'art de la composition ainsi que la pratique de la viole d'amour. Il int\u00e8gre le C.R.R de Montpellier en septembre 2022 afin de parfaire sa formation musicale. Il rejoint l'aventure de l'O.C.P.L.S. d\u00e9but 2022.<\/span><\/p>\n<\/div><\/div><\/div><\/div><\/div><div id=\"pg-790-5\"  class=\"panel-grid panel-no-style\" ><div id=\"pgc-790-5-0\"  class=\"panel-grid-cell panel-grid-cell-empty\" ><\/div><\/div><div id=\"pg-790-6\"  class=\"panel-grid panel-no-style\" ><div id=\"pgc-790-6-0\"  class=\"panel-grid-cell panel-grid-cell-empty panel-grid-cell-mobile-last\" ><\/div><div id=\"pgc-790-6-1\"  class=\"panel-grid-cell panel-grid-cell-empty\" ><\/div><\/div><div id=\"pg-790-7\"  class=\"panel-grid panel-no-style\" ><div id=\"pgc-790-7-0\"  class=\"panel-grid-cell panel-grid-cell-empty\" ><\/div><\/div><\/div>","protected":false},"excerpt":{"rendered":"<p>Isabelle Van GINNEKEN: Violon Isabelle montra d\u00e8s l&rsquo;\u00e2ge de cinq ans des dispositions exceptionnelles pour le violon, au point d&rsquo;int\u00e9grer le C.N.S.M. de Paris dont elle ressortira en 1980 avec un premier prix, premi\u00e8re nomm\u00e9e en violon ainsi qu&rsquo;un premier prix de musique de chambre. En 1983, elle finit demi-finaliste au concours international Fritz Kreistler. <a class=\"moretag\" href=\"http:\/\/www.orchestre-pl-saurel.fr\/index.php\/lessolistes\/\">Read More &#8230;<\/a><\/p>\n","protected":false},"author":1,"featured_media":0,"parent":0,"menu_order":0,"comment_status":"closed","ping_status":"closed","template":"full-width-page.php","meta":[],"_links":{"self":[{"href":"http:\/\/www.orchestre-pl-saurel.fr\/index.php\/wp-json\/wp\/v2\/pages\/790"}],"collection":[{"href":"http:\/\/www.orchestre-pl-saurel.fr\/index.php\/wp-json\/wp\/v2\/pages"}],"about":[{"href":"http:\/\/www.orchestre-pl-saurel.fr\/index.php\/wp-json\/wp\/v2\/types\/page"}],"author":[{"embeddable":true,"href":"http:\/\/www.orchestre-pl-saurel.fr\/index.php\/wp-json\/wp\/v2\/users\/1"}],"replies":[{"embeddable":true,"href":"http:\/\/www.orchestre-pl-saurel.fr\/index.php\/wp-json\/wp\/v2\/comments?post=790"}],"version-history":[{"count":29,"href":"http:\/\/www.orchestre-pl-saurel.fr\/index.php\/wp-json\/wp\/v2\/pages\/790\/revisions"}],"predecessor-version":[{"id":1577,"href":"http:\/\/www.orchestre-pl-saurel.fr\/index.php\/wp-json\/wp\/v2\/pages\/790\/revisions\/1577"}],"wp:attachment":[{"href":"http:\/\/www.orchestre-pl-saurel.fr\/index.php\/wp-json\/wp\/v2\/media?parent=790"}],"curies":[{"name":"wp","href":"https:\/\/api.w.org\/{rel}","templated":true}]}}